{"id":15998,"date":"2026-01-13T16:15:31","date_gmt":"2026-01-13T15:15:31","guid":{"rendered":"https:\/\/atelierdivasposa.it\/?page_id=15998"},"modified":"2026-02-25T08:31:09","modified_gmt":"2026-02-25T07:31:09","slug":"maison-yana","status":"publish","type":"page","link":"https:\/\/atelierdivasposa.it\/en\/maison-yana\/","title":{"rendered":"MAISON YANA"},"content":{"rendered":"<div data-elementor-type=\"wp-page\" data-elementor-id=\"15998\" class=\"elementor elementor-15998\" data-elementor-post-type=\"page\">\n\t\t\t\t\t\t<section class=\"elementor-section elementor-top-section elementor-element elementor-element-167b0a8d elementor-section-boxed elementor-section-height-default elementor-section-height-default\" data-id=\"167b0a8d\" data-element_type=\"section\" data-e-type=\"section\">\n\t\t\t\t\t\t<div class=\"elementor-container elementor-column-gap-default\">\n\t\t\t\t\t<div class=\"elementor-column elementor-col-25 elementor-top-column elementor-element elementor-element-2a2f8afc\" data-id=\"2a2f8afc\" data-element_type=\"column\" data-e-type=\"column\">\n\t\t\t<div class=\"elementor-widget-wrap elementor-element-populated\">\n\t\t\t\t\t\t<div class=\"elementor-element elementor-element-2ed2e42 elementor-widget elementor-widget-text-editor\" data-id=\"2ed2e42\" data-element_type=\"widget\" data-e-type=\"widget\" data-widget_type=\"text-editor.default\">\n\t\t\t\t<div class=\"elementor-widget-container\">\n\t\t\t\t\t\t\t\t\t<p>La collezione di abiti da sposa Maison Yana 2026 2027 stupisce. Abiti da sposa in tulle stile principessa, forme a sirena fascianti crepe mikado abiti da sposa Maison Yana La collezione di abiti da sposa 2026 stupisce. Abiti da sposa in tulle stile principessa, forme a sirena fascianti crepe mikado abiti da sposa\u00a0<\/p>\t\t\t\t\t\t\t\t<\/div>\n\t\t\t\t<\/div>\n\t\t\t\t\t<\/div>\n\t\t<\/div>\n\t\t\t\t<div class=\"elementor-column elementor-col-50 elementor-top-column elementor-element elementor-element-dba5c6f\" data-id=\"dba5c6f\" data-element_type=\"column\" data-e-type=\"column\">\n\t\t\t<div class=\"elementor-widget-wrap elementor-element-populated\">\n\t\t\t\t\t\t\t<\/div>\n\t\t<\/div>\n\t\t\t\t<div class=\"elementor-column elementor-col-25 elementor-top-column elementor-element elementor-element-3e7fb7c6\" data-id=\"3e7fb7c6\" data-element_type=\"column\" data-e-type=\"column\">\n\t\t\t<div class=\"elementor-widget-wrap elementor-element-populated\">\n\t\t\t\t\t\t<div class=\"elementor-element elementor-element-28e13bc elementor-widget elementor-widget-text-editor\" data-id=\"28e13bc\" data-element_type=\"widget\" data-e-type=\"widget\" data-widget_type=\"text-editor.default\">\n\t\t\t\t<div class=\"elementor-widget-container\">\n\t\t\t\t\t\t\t\t\t<p>La collezione di abiti da sposa 2026 2027 stupisce. Abiti da sposa in tulle stile principessa, forme a sirena fascianti crepe mikado abiti da sposa 2026 2027<\/p>\t\t\t\t\t\t\t\t<\/div>\n\t\t\t\t<\/div>\n\t\t\t\t\t<\/div>\n\t\t<\/div>\n\t\t\t\t\t<\/div>\n\t\t<\/section>\n\t\t<div class=\"elementor-element elementor-element-4dfdba7 e-con-full e-grid e-con e-parent\" data-id=\"4dfdba7\" data-element_type=\"container\" data-e-type=\"container\">\n\t\t<div class=\"elementor-element elementor-element-80bb1c5 e-con-full e-flex e-con e-child\" data-id=\"80bb1c5\" data-element_type=\"container\" data-e-type=\"container\">\n\t\t\t\t<div class=\"elementor-element elementor-element-df27422 elementor-cta--skin-cover elementor-animated-content elementor-bg-transform elementor-bg-transform-zoom-in elementor-widget elementor-widget-call-to-action\" data-id=\"df27422\" data-element_type=\"widget\" data-e-type=\"widget\" data-widget_type=\"call-to-action.default\">\n\t\t\t\t<div class=\"elementor-widget-container\">\n\t\t\t\t\t\t\t<a class=\"elementor-cta\" href=\"https:\/\/atelierdivasposa.it\/en\/calioppe\/\">\n\t\t\t\t\t<div class=\"elementor-cta__bg-wrapper\">\n\t\t\t\t<div class=\"elementor-cta__bg elementor-bg\" style=\"background-image: url(https:\/\/atelierdivasposa.it\/wp-content\/uploads\/2025\/08\/Calioppe-1.webp);\" role=\"img\" aria-label=\"GIOVANNA ALESSANDRO CALIOPPE WEDDING DRESS\"><\/div>\n\t\t\t\t<div class=\"elementor-cta__bg-overlay\"><\/div>\n\t\t\t<\/div>\n\t\t\t\t\t\t\t<div class=\"elementor-cta__content\">\n\t\t\t\t\n\t\t\t\t\n\t\t\t\t\n\t\t\t\t\t\t\t<\/div>\n\t\t\t\t\t\t<\/a>\n\t\t\t\t\t\t<\/div>\n\t\t\t\t<\/div>\n\t\t\t\t<div class=\"elementor-element elementor-element-423886f elementor-widget elementor-widget-heading\" data-id=\"423886f\" data-element_type=\"widget\" data-e-type=\"widget\" data-widget_type=\"heading.default\">\n\t\t\t\t<div class=\"elementor-widget-container\">\n\t\t\t\t\t<h2 class=\"elementor-heading-title elementor-size-default\">Calioppe<\/h2>\t\t\t\t<\/div>\n\t\t\t\t<\/div>\n\t\t\t\t<\/div>\n\t\t<div class=\"elementor-element elementor-element-d32f171 e-con-full e-flex e-con e-child\" data-id=\"d32f171\" data-element_type=\"container\" data-e-type=\"container\">\n\t\t\t\t<div class=\"elementor-element elementor-element-bf14820 elementor-cta--skin-cover elementor-animated-content elementor-bg-transform elementor-bg-transform-zoom-in elementor-widget elementor-widget-call-to-action\" data-id=\"bf14820\" data-element_type=\"widget\" data-e-type=\"widget\" data-widget_type=\"call-to-action.default\">\n\t\t\t\t<div class=\"elementor-widget-container\">\n\t\t\t\t\t\t\t<a class=\"elementor-cta\" href=\"https:\/\/atelierdivasposa.it\/en\/elvina\/\">\n\t\t\t\t\t<div class=\"elementor-cta__bg-wrapper\">\n\t\t\t\t<div class=\"elementor-cta__bg elementor-bg\" style=\"background-image: url(https:\/\/atelierdivasposa.it\/wp-content\/uploads\/2025\/08\/Elvina-1.webp);\" role=\"img\" aria-label=\"GIOVANNA ALESSANDRO ELVINA WEDDING DRESS\"><\/div>\n\t\t\t\t<div class=\"elementor-cta__bg-overlay\"><\/div>\n\t\t\t<\/div>\n\t\t\t\t\t\t\t<div class=\"elementor-cta__content\">\n\t\t\t\t\n\t\t\t\t\n\t\t\t\t\n\t\t\t\t\t\t\t<\/div>\n\t\t\t\t\t\t<\/a>\n\t\t\t\t\t\t<\/div>\n\t\t\t\t<\/div>\n\t\t\t\t<div class=\"elementor-element elementor-element-a75a371 elementor-widget elementor-widget-heading\" data-id=\"a75a371\" data-element_type=\"widget\" data-e-type=\"widget\" data-widget_type=\"heading.default\">\n\t\t\t\t<div class=\"elementor-widget-container\">\n\t\t\t\t\t<h2 class=\"elementor-heading-title elementor-size-default\">Elvina<\/h2>\t\t\t\t<\/div>\n\t\t\t\t<\/div>\n\t\t\t\t<\/div>\n\t\t<div class=\"elementor-element elementor-element-4915ea4 e-con-full e-flex e-con e-child\" data-id=\"4915ea4\" data-element_type=\"container\" data-e-type=\"container\">\n\t\t\t\t<div class=\"elementor-element elementor-element-77ffcf7 elementor-cta--skin-cover elementor-animated-content elementor-bg-transform elementor-bg-transform-zoom-in elementor-widget elementor-widget-call-to-action\" data-id=\"77ffcf7\" data-element_type=\"widget\" data-e-type=\"widget\" data-widget_type=\"call-to-action.default\">\n\t\t\t\t<div class=\"elementor-widget-container\">\n\t\t\t\t\t\t\t<a class=\"elementor-cta\" href=\"https:\/\/atelierdivasposa.it\/en\/serenelle\/\">\n\t\t\t\t\t<div class=\"elementor-cta__bg-wrapper\">\n\t\t\t\t<div class=\"elementor-cta__bg elementor-bg\" style=\"background-image: url(https:\/\/atelierdivasposa.it\/wp-content\/uploads\/2025\/08\/Serenelle-1.webp);\" role=\"img\" aria-label=\"GIOVANNA ALESSANDRO SERENELLE WEDDING DRESS\"><\/div>\n\t\t\t\t<div class=\"elementor-cta__bg-overlay\"><\/div>\n\t\t\t<\/div>\n\t\t\t\t\t\t\t<div class=\"elementor-cta__content\">\n\t\t\t\t\n\t\t\t\t\n\t\t\t\t\n\t\t\t\t\t\t\t<\/div>\n\t\t\t\t\t\t<\/a>\n\t\t\t\t\t\t<\/div>\n\t\t\t\t<\/div>\n\t\t\t\t<div class=\"elementor-element elementor-element-1f3f4a4 elementor-widget elementor-widget-heading\" data-id=\"1f3f4a4\" data-element_type=\"widget\" data-e-type=\"widget\" data-widget_type=\"heading.default\">\n\t\t\t\t<div class=\"elementor-widget-container\">\n\t\t\t\t\t<h2 class=\"elementor-heading-title elementor-size-default\">Serenelle<\/h2>\t\t\t\t<\/div>\n\t\t\t\t<\/div>\n\t\t\t\t<\/div>\n\t\t<div class=\"elementor-element elementor-element-4687b53 e-con-full e-flex e-con e-child\" data-id=\"4687b53\" data-element_type=\"container\" data-e-type=\"container\">\n\t\t\t\t<div class=\"elementor-element elementor-element-c03be8f elementor-cta--skin-cover elementor-animated-content elementor-bg-transform elementor-bg-transform-zoom-in elementor-widget elementor-widget-call-to-action\" data-id=\"c03be8f\" data-element_type=\"widget\" data-e-type=\"widget\" data-widget_type=\"call-to-action.default\">\n\t\t\t\t<div class=\"elementor-widget-container\">\n\t\t\t\t\t\t\t<a class=\"elementor-cta\" href=\"https:\/\/atelierdivasposa.it\/en\/thalia\/\">\n\t\t\t\t\t<div class=\"elementor-cta__bg-wrapper\">\n\t\t\t\t<div class=\"elementor-cta__bg elementor-bg\" style=\"background-image: url(https:\/\/atelierdivasposa.it\/wp-content\/uploads\/2025\/08\/Thalia-1.webp);\" role=\"img\" aria-label=\"GIOVANNA ALESSANDRO THALIA WEDDING DRESS\"><\/div>\n\t\t\t\t<div class=\"elementor-cta__bg-overlay\"><\/div>\n\t\t\t<\/div>\n\t\t\t\t\t\t\t<div class=\"elementor-cta__content\">\n\t\t\t\t\n\t\t\t\t\n\t\t\t\t\n\t\t\t\t\t\t\t<\/div>\n\t\t\t\t\t\t<\/a>\n\t\t\t\t\t\t<\/div>\n\t\t\t\t<\/div>\n\t\t\t\t<div class=\"elementor-element elementor-element-cf57ae9 elementor-widget elementor-widget-heading\" data-id=\"cf57ae9\" data-element_type=\"widget\" data-e-type=\"widget\" data-widget_type=\"heading.default\">\n\t\t\t\t<div class=\"elementor-widget-container\">\n\t\t\t\t\t<h2 class=\"elementor-heading-title elementor-size-default\">Thalia<\/h2>\t\t\t\t<\/div>\n\t\t\t\t<\/div>\n\t\t\t\t<\/div>\n\t\t<div class=\"elementor-element elementor-element-8654433 e-con-full e-flex e-con e-child\" data-id=\"8654433\" data-element_type=\"container\" data-e-type=\"container\">\n\t\t\t\t<div class=\"elementor-element elementor-element-461445f elementor-cta--skin-cover elementor-animated-content elementor-bg-transform elementor-bg-transform-zoom-in elementor-widget elementor-widget-call-to-action\" data-id=\"461445f\" data-element_type=\"widget\" data-e-type=\"widget\" data-widget_type=\"call-to-action.default\">\n\t\t\t\t<div class=\"elementor-widget-container\">\n\t\t\t\t\t\t\t<a class=\"elementor-cta\" href=\"https:\/\/atelierdivasposa.it\/en\/tulipia\/\">\n\t\t\t\t\t<div class=\"elementor-cta__bg-wrapper\">\n\t\t\t\t<div class=\"elementor-cta__bg elementor-bg\" style=\"background-image: url(https:\/\/atelierdivasposa.it\/wp-content\/uploads\/2025\/08\/Tulipia-1.webp);\" role=\"img\" aria-label=\"Giovanna Alessandro Tulipa Wedding Dress\"><\/div>\n\t\t\t\t<div class=\"elementor-cta__bg-overlay\"><\/div>\n\t\t\t<\/div>\n\t\t\t\t\t\t\t<div class=\"elementor-cta__content\">\n\t\t\t\t\n\t\t\t\t\n\t\t\t\t\n\t\t\t\t\t\t\t<\/div>\n\t\t\t\t\t\t<\/a>\n\t\t\t\t\t\t<\/div>\n\t\t\t\t<\/div>\n\t\t\t\t<div class=\"elementor-element elementor-element-fdde187 elementor-widget elementor-widget-heading\" data-id=\"fdde187\" data-element_type=\"widget\" data-e-type=\"widget\" data-widget_type=\"heading.default\">\n\t\t\t\t<div class=\"elementor-widget-container\">\n\t\t\t\t\t<h2 class=\"elementor-heading-title elementor-size-default\">Tulipia<\/h2>\t\t\t\t<\/div>\n\t\t\t\t<\/div>\n\t\t\t\t<\/div>\n\t\t\t\t<\/div>\n\t\t\t\t<section class=\"elementor-section elementor-top-section elementor-element elementor-element-5abd9a62 elementor-section-boxed elementor-section-height-default elementor-section-height-default\" data-id=\"5abd9a62\" data-element_type=\"section\" data-e-type=\"section\">\n\t\t\t\t\t\t<div class=\"elementor-container elementor-column-gap-default\">\n\t\t\t\t\t<div class=\"elementor-column elementor-col-100 elementor-top-column elementor-element elementor-element-76196a3f\" data-id=\"76196a3f\" data-element_type=\"column\" data-e-type=\"column\">\n\t\t\t<div class=\"elementor-widget-wrap elementor-element-populated\">\n\t\t\t\t\t\t<div class=\"elementor-element elementor-element-329d826e elementor-hidden-desktop elementor-hidden-tablet elementor-hidden-mobile elementor-widget elementor-widget-heading\" data-id=\"329d826e\" data-element_type=\"widget\" data-e-type=\"widget\" data-widget_type=\"heading.default\">\n\t\t\t\t<div class=\"elementor-widget-container\">\n\t\t\t\t\t<h6 class=\"elementor-heading-title elementor-size-default\">ABITI DA SPOSA\nL'abito da sposa che hai sempre sognato \u00e8 realt\u00e0. Lasciati sorprendere dagli abiti da sposa di Maison Yana E 2027, 2026 ognuno realizzato con maestria e attenzione al dettaglio\nsartoriale e ma quidi\nIncantevole abito da sposa dalla linea ad A in tulle rosato. Macro petali di pizzo con un design moderno sottolineano la femminilit\u00e0 del corpino smanicato e della scollatura a cuore. collection 2026 collezione 2025 proncipessa sirena 2026\nSensuale ed elegante abito perch\u00e8 da sposa a sirena smanicato. Il tulle \u00e8 decorato con macro design di pizzo  2026 floreale e contrasti materici: un incanto moderno! Maison Yana 2027 Sensuale abito da sposa a sirena in pizzo e tulle. La scollatura profonda a V e le spalline sottili e ma si completano di maniche staccabili in tulle che scendono a terra e completano questo look con un romanticismo da sogno!\nSe hai sempre desiderato un abito da sposa elegante e romantico che sorprenda tutti gli invitati, dai modelli a sirena agli abiti principeschi, potrai realizzare il tuo sogno con Maison Yana 2027 ed essere una sposa 2026indimenticabile!  quindi\nABITI DA SPOSA 2026\nL'abito da sposa quindi  che hai sempre sognato \u00e8 realt\u00e0. Lasciati perch\u00e8 sorprendere dagli abiti da sposa di, ognuno realizzato con maestria e attenzione al dettaglio\nsartoriale.\nIncantevole abito da sposa dalla linea ad A in tulle rosato. Macro petali di pizzo con un design moderno sottolineano la femminilit\u00e0 del corpino smanicato e della scollatura a cuore. collection 2026 collezione 2025 proncipessa sirena\nSensuale ed elegante abito da sposa a sirena smanicato. <\/h6>\t\t\t\t<\/div>\n\t\t\t\t<\/div>\n\t\t\t\t\t<\/div>\n\t\t<\/div>\n\t\t\t\t\t<\/div>\n\t\t<\/section>\n\t\t\t\t<\/div>","protected":false},"excerpt":{"rendered":"<p>La collezione di abiti da sposa Maison Yana 2026 2027 stupisce. Abiti da sposa in tulle stile principessa, forme a sirena fascianti crepe mikado abiti da sposa Maison Yana La collezione di abiti da sposa 2026 stupisce. Abiti da sposa in tulle stile principessa, forme a sirena fascianti crepe mikado abiti da sposa\u00a0 La collezione [&hellip;]<\/p>\n","protected":false},"author":4,"featured_media":15813,"parent":0,"menu_order":0,"comment_status":"closed","ping_status":"closed","template":"","meta":{"footnotes":""},"class_list":["post-15998","page","type-page","status-publish","has-post-thumbnail","hentry"],"yoast_head":"<!-- This site is optimized with the Yoast SEO plugin v27.2 - https:\/\/yoast.com\/product\/yoast-seo-wordpress\/ -->\n<title>Abiti da sposa MAISON YANA | Atelier Diva Sposa<\/title>\n<meta name=\"description\" content=\"Ogni abito da sposa \u00e8 un&#039;opera d&#039;arte unica creata sotto la guida della stilista capo del marchio, Maison Yana.\" \/>\n<meta name=\"robots\" content=\"index, follow, max-snippet:-1, max-image-preview:large, max-video-preview:-1\" \/>\n<link rel=\"canonical\" href=\"https:\/\/atelierdivasposa.it\/en\/maison-yana\/\" \/>\n<meta property=\"og:locale\" content=\"en_GB\" \/>\n<meta property=\"og:type\" content=\"article\" \/>\n<meta property=\"og:title\" content=\"Abiti da sposa MAISON YANA | Atelier Diva Sposa\" \/>\n<meta property=\"og:description\" content=\"Ogni abito da sposa \u00e8 un&#039;opera d&#039;arte unica creata sotto la guida della stilista capo del marchio, Maison Yana.\" \/>\n<meta property=\"og:url\" content=\"https:\/\/atelierdivasposa.it\/en\/maison-yana\/\" \/>\n<meta property=\"og:site_name\" content=\"Atelier Diva Sposa\" \/>\n<meta property=\"article:publisher\" content=\"https:\/\/www.facebook.com\/abitidasposaatelierdiva\" \/>\n<meta property=\"article:modified_time\" content=\"2026-02-25T07:31:09+00:00\" \/>\n<meta property=\"og:image\" content=\"https:\/\/atelierdivasposa.it\/wp-content\/uploads\/2025\/08\/Thalia-3.webp\" \/>\n\t<meta property=\"og:image:width\" content=\"700\" \/>\n\t<meta property=\"og:image:height\" content=\"1050\" \/>\n\t<meta property=\"og:image:type\" content=\"image\/webp\" \/>\n<meta name=\"twitter:card\" content=\"summary_large_image\" \/>\n<meta name=\"twitter:label1\" content=\"Estimated reading time\" \/>\n\t<meta name=\"twitter:data1\" content=\"3 minutes\" \/>\n<script type=\"application\/ld+json\" class=\"yoast-schema-graph\">{\"@context\":\"https:\/\/schema.org\",\"@graph\":[{\"@type\":\"WebPage\",\"@id\":\"https:\/\/atelierdivasposa.it\/en\/maison-yana\/\",\"url\":\"https:\/\/atelierdivasposa.it\/en\/maison-yana\/\",\"name\":\"Abiti da sposa MAISON YANA | Atelier Diva Sposa\",\"isPartOf\":{\"@id\":\"https:\/\/atelierdivasposa.it\/en\/#website\"},\"primaryImageOfPage\":{\"@id\":\"https:\/\/atelierdivasposa.it\/en\/maison-yana\/#primaryimage\"},\"image\":{\"@id\":\"https:\/\/atelierdivasposa.it\/en\/maison-yana\/#primaryimage\"},\"thumbnailUrl\":\"https:\/\/atelierdivasposa.it\/wp-content\/uploads\/2025\/08\/Thalia-3.webp\",\"datePublished\":\"2026-01-13T15:15:31+00:00\",\"dateModified\":\"2026-02-25T07:31:09+00:00\",\"description\":\"Ogni abito da sposa \u00e8 un'opera d'arte unica creata sotto la guida della stilista capo del marchio, Maison Yana.\",\"breadcrumb\":{\"@id\":\"https:\/\/atelierdivasposa.it\/en\/maison-yana\/#breadcrumb\"},\"inLanguage\":\"en-GB\",\"potentialAction\":[{\"@type\":\"ReadAction\",\"target\":[\"https:\/\/atelierdivasposa.it\/en\/maison-yana\/\"]}]},{\"@type\":\"ImageObject\",\"inLanguage\":\"en-GB\",\"@id\":\"https:\/\/atelierdivasposa.it\/en\/maison-yana\/#primaryimage\",\"url\":\"https:\/\/atelierdivasposa.it\/wp-content\/uploads\/2025\/08\/Thalia-3.webp\",\"contentUrl\":\"https:\/\/atelierdivasposa.it\/wp-content\/uploads\/2025\/08\/Thalia-3.webp\",\"width\":700,\"height\":1050,\"caption\":\"GIOVANNA ALESSANDRO\"},{\"@type\":\"BreadcrumbList\",\"@id\":\"https:\/\/atelierdivasposa.it\/en\/maison-yana\/#breadcrumb\",\"itemListElement\":[{\"@type\":\"ListItem\",\"position\":1,\"name\":\"Home\",\"item\":\"https:\/\/atelierdivasposa.it\/\"},{\"@type\":\"ListItem\",\"position\":2,\"name\":\"MAISON YANA\"}]},{\"@type\":\"WebSite\",\"@id\":\"https:\/\/atelierdivasposa.it\/en\/#website\",\"url\":\"https:\/\/atelierdivasposa.it\/en\/\",\"name\":\"Atelier Diva Sposa\",\"description\":\"Abiti da Sposa\",\"publisher\":{\"@id\":\"https:\/\/atelierdivasposa.it\/en\/#organization\"},\"potentialAction\":[{\"@type\":\"SearchAction\",\"target\":{\"@type\":\"EntryPoint\",\"urlTemplate\":\"https:\/\/atelierdivasposa.it\/en\/?s={search_term_string}\"},\"query-input\":{\"@type\":\"PropertyValueSpecification\",\"valueRequired\":true,\"valueName\":\"search_term_string\"}}],\"inLanguage\":\"en-GB\"},{\"@type\":\"Organization\",\"@id\":\"https:\/\/atelierdivasposa.it\/en\/#organization\",\"name\":\"Atelier Diva Sposa\",\"url\":\"https:\/\/atelierdivasposa.it\/en\/\",\"logo\":{\"@type\":\"ImageObject\",\"inLanguage\":\"en-GB\",\"@id\":\"https:\/\/atelierdivasposa.it\/en\/#\/schema\/logo\/image\/\",\"url\":\"http:\/\/atelierdivasposa.it\/wp-content\/uploads\/2022\/02\/Logo-diva-oro-facebook.jpeg\",\"contentUrl\":\"http:\/\/atelierdivasposa.it\/wp-content\/uploads\/2022\/02\/Logo-diva-oro-facebook.jpeg\",\"width\":798,\"height\":798,\"caption\":\"Atelier Diva Sposa\"},\"image\":{\"@id\":\"https:\/\/atelierdivasposa.it\/en\/#\/schema\/logo\/image\/\"},\"sameAs\":[\"https:\/\/www.facebook.com\/abitidasposaatelierdiva\",\"https:\/\/www.instagram.com\/atelierdivasposa\/\"]}]}<\/script>\n<!-- \/ Yoast SEO plugin. -->","yoast_head_json":{"title":"Abiti da sposa MAISON YANA | Atelier Diva Sposa","description":"Ogni abito da sposa \u00e8 un'opera d'arte unica creata sotto la guida della stilista capo del marchio, Maison Yana.","robots":{"index":"index","follow":"follow","max-snippet":"max-snippet:-1","max-image-preview":"max-image-preview:large","max-video-preview":"max-video-preview:-1"},"canonical":"https:\/\/atelierdivasposa.it\/en\/maison-yana\/","og_locale":"en_GB","og_type":"article","og_title":"Abiti da sposa MAISON YANA | Atelier Diva Sposa","og_description":"Ogni abito da sposa \u00e8 un'opera d'arte unica creata sotto la guida della stilista capo del marchio, Maison Yana.","og_url":"https:\/\/atelierdivasposa.it\/en\/maison-yana\/","og_site_name":"Atelier Diva Sposa","article_publisher":"https:\/\/www.facebook.com\/abitidasposaatelierdiva","article_modified_time":"2026-02-25T07:31:09+00:00","og_image":[{"width":700,"height":1050,"url":"https:\/\/atelierdivasposa.it\/wp-content\/uploads\/2025\/08\/Thalia-3.webp","type":"image\/webp"}],"twitter_card":"summary_large_image","twitter_misc":{"Estimated reading time":"3 minutes"},"schema":{"@context":"https:\/\/schema.org","@graph":[{"@type":"WebPage","@id":"https:\/\/atelierdivasposa.it\/en\/maison-yana\/","url":"https:\/\/atelierdivasposa.it\/en\/maison-yana\/","name":"Abiti da sposa MAISON YANA | Atelier Diva Sposa","isPartOf":{"@id":"https:\/\/atelierdivasposa.it\/en\/#website"},"primaryImageOfPage":{"@id":"https:\/\/atelierdivasposa.it\/en\/maison-yana\/#primaryimage"},"image":{"@id":"https:\/\/atelierdivasposa.it\/en\/maison-yana\/#primaryimage"},"thumbnailUrl":"https:\/\/atelierdivasposa.it\/wp-content\/uploads\/2025\/08\/Thalia-3.webp","datePublished":"2026-01-13T15:15:31+00:00","dateModified":"2026-02-25T07:31:09+00:00","description":"Ogni abito da sposa \u00e8 un'opera d'arte unica creata sotto la guida della stilista capo del marchio, Maison Yana.","breadcrumb":{"@id":"https:\/\/atelierdivasposa.it\/en\/maison-yana\/#breadcrumb"},"inLanguage":"en-GB","potentialAction":[{"@type":"ReadAction","target":["https:\/\/atelierdivasposa.it\/en\/maison-yana\/"]}]},{"@type":"ImageObject","inLanguage":"en-GB","@id":"https:\/\/atelierdivasposa.it\/en\/maison-yana\/#primaryimage","url":"https:\/\/atelierdivasposa.it\/wp-content\/uploads\/2025\/08\/Thalia-3.webp","contentUrl":"https:\/\/atelierdivasposa.it\/wp-content\/uploads\/2025\/08\/Thalia-3.webp","width":700,"height":1050,"caption":"GIOVANNA ALESSANDRO"},{"@type":"BreadcrumbList","@id":"https:\/\/atelierdivasposa.it\/en\/maison-yana\/#breadcrumb","itemListElement":[{"@type":"ListItem","position":1,"name":"Home","item":"https:\/\/atelierdivasposa.it\/"},{"@type":"ListItem","position":2,"name":"MAISON YANA"}]},{"@type":"WebSite","@id":"https:\/\/atelierdivasposa.it\/en\/#website","url":"https:\/\/atelierdivasposa.it\/en\/","name":"Atelier Diva Sposa","description":"Wedding Dresses","publisher":{"@id":"https:\/\/atelierdivasposa.it\/en\/#organization"},"potentialAction":[{"@type":"SearchAction","target":{"@type":"EntryPoint","urlTemplate":"https:\/\/atelierdivasposa.it\/en\/?s={search_term_string}"},"query-input":{"@type":"PropertyValueSpecification","valueRequired":true,"valueName":"search_term_string"}}],"inLanguage":"en-GB"},{"@type":"Organization","@id":"https:\/\/atelierdivasposa.it\/en\/#organization","name":"Atelier Diva Sposa","url":"https:\/\/atelierdivasposa.it\/en\/","logo":{"@type":"ImageObject","inLanguage":"en-GB","@id":"https:\/\/atelierdivasposa.it\/en\/#\/schema\/logo\/image\/","url":"http:\/\/atelierdivasposa.it\/wp-content\/uploads\/2022\/02\/Logo-diva-oro-facebook.jpeg","contentUrl":"http:\/\/atelierdivasposa.it\/wp-content\/uploads\/2022\/02\/Logo-diva-oro-facebook.jpeg","width":798,"height":798,"caption":"Atelier Diva Sposa"},"image":{"@id":"https:\/\/atelierdivasposa.it\/en\/#\/schema\/logo\/image\/"},"sameAs":["https:\/\/www.facebook.com\/abitidasposaatelierdiva","https:\/\/www.instagram.com\/atelierdivasposa\/"]}]}},"_links":{"self":[{"href":"https:\/\/atelierdivasposa.it\/en\/wp-json\/wp\/v2\/pages\/15998","targetHints":{"allow":["GET"]}}],"collection":[{"href":"https:\/\/atelierdivasposa.it\/en\/wp-json\/wp\/v2\/pages"}],"about":[{"href":"https:\/\/atelierdivasposa.it\/en\/wp-json\/wp\/v2\/types\/page"}],"author":[{"embeddable":true,"href":"https:\/\/atelierdivasposa.it\/en\/wp-json\/wp\/v2\/users\/4"}],"replies":[{"embeddable":true,"href":"https:\/\/atelierdivasposa.it\/en\/wp-json\/wp\/v2\/comments?post=15998"}],"version-history":[{"count":7,"href":"https:\/\/atelierdivasposa.it\/en\/wp-json\/wp\/v2\/pages\/15998\/revisions"}],"predecessor-version":[{"id":16307,"href":"https:\/\/atelierdivasposa.it\/en\/wp-json\/wp\/v2\/pages\/15998\/revisions\/16307"}],"wp:featuredmedia":[{"embeddable":true,"href":"https:\/\/atelierdivasposa.it\/en\/wp-json\/wp\/v2\/media\/15813"}],"wp:attachment":[{"href":"https:\/\/atelierdivasposa.it\/en\/wp-json\/wp\/v2\/media?parent=15998"}],"curies":[{"name":"wp","href":"https:\/\/api.w.org\/{rel}","templated":true}]}}